{"id":5,"date":"2024-08-25T16:43:07","date_gmt":"2024-08-25T16:43:07","guid":{"rendered":"https:\/\/ferienhaus-am-parsteinsee.de\/willkommen-auf-https-ferienhaus-am-parsteinsee-de\/"},"modified":"2024-08-25T18:00:20","modified_gmt":"2024-08-25T18:00:20","slug":"home","status":"publish","type":"page","link":"https:\/\/ferienhaus-am-parsteinsee.de\/","title":{"rendered":"Willkommen auf der Seite vom Ferienhaus am Parsteinsee"},"content":{"rendered":"\n<p>Unser Ferienhaus befindet sich in in dem kleinen, von W\u00e4ldern umgebenen&nbsp;<strong>Herzsprung<\/strong>&nbsp;(ein Ortsteil von Angerm\u00fcnde), das etwa 70 km von Berlin-Mitte entfernt ist. In der Umgebung sind au\u00dferdem viele Seen, die im Sommer zum Schwimmen und im Winter zum Schlittschuhlaufen einladen.<\/p>\n\n\n\n<p>Herzsprung liegt:<\/p>\n\n\n\n<p>im Biosph\u00e4renreservat Schorfheide-Chorin und nahe dessen Informationszentrums \u201eBlumberger M\u00fchle\u201c<br>am Rande des Weltnaturerbes \u201eGrumsiner Forst\u201c<br>in der N\u00e4he des Nationalparks \u201eUnteres Odertal\u201c<br>nahe des Wasservogelreservates Grimnitzsee<br>unweit des Klosters Chorin und des Schiffshebewerkes Niederfinow<br>Mit einem der zahlreichen kulturellen Angeboten in der Region k\u00f6nnen Sie in Ihrem Urlaub sch\u00f6ne Abende verleben.<\/p>\n\n\n\n<p>Als besondere H\u00f6hepunkte empfehlen wir:<\/p>\n\n\n\n<p>einen Besuch in einer Vorstellung des Theaters in Schwedt\/Oder oder<br>einen Besuch bei einem Konzert anl\u00e4sslich des \u201eChoriner Musiksommers\u201c<\/p>\n\n\n\n<p>F\u00fcr Fragen bez\u00fcglich der aktuellen Programme stehen wir Ihnen gern zur Verf\u00fcgung.<\/p>\n\n\n\n<p>Sollten Sie noch weitere Fragen haben, z\u00f6gern Sie nicht uns anzusprechen.&nbsp;Entweder Sie rufen uns direkt an oder schreiben uns eine kurze E-Mail, wir werden uns dann schnellstm\u00f6glich mit Ihnen in Verbindung setzen.<\/p>\n\n\n\n<p><\/p>\n","protected":false},"excerpt":{"rendered":"<p>Unser Ferienhaus befindet sich in in dem kleinen, von W\u00e4ldern umgebenen&nbsp;Herzsprung&nbsp;(ein Ortsteil von Angerm\u00fcnde), das etwa 70 km von Berlin-Mitte entfernt ist. In der Umgebung sind au\u00dferdem viele Seen, die im Sommer zum Schwimmen und im Winter zum Schlittschuhlaufen einladen. Herzsprung liegt: im Biosph\u00e4renreservat Schorfheide-Chorin und nahe dessen Informationszentrums \u201eBlumberger M\u00fchle\u201cam Rande des Weltnaturerbes \u201eGrumsiner [&hellip;]<\/p>\n","protected":false},"author":1,"featured_media":0,"parent":0,"menu_order":0,"comment_status":"closed","ping_status":"closed","template":"","meta":{"footnotes":""},"class_list":["post-5","page","type-page","status-publish","hentry"],"_links":{"self":[{"href":"https:\/\/ferienhaus-am-parsteinsee.de\/index.php?rest_route=\/wp\/v2\/pages\/5"}],"collection":[{"href":"https:\/\/ferienhaus-am-parsteinsee.de\/index.php?rest_route=\/wp\/v2\/pages"}],"about":[{"href":"https:\/\/ferienhaus-am-parsteinsee.de\/index.php?rest_route=\/wp\/v2\/types\/page"}],"author":[{"embeddable":true,"href":"https:\/\/ferienhaus-am-parsteinsee.de\/index.php?rest_route=\/wp\/v2\/users\/1"}],"replies":[{"embeddable":true,"href":"https:\/\/ferienhaus-am-parsteinsee.de\/index.php?rest_route=%2Fwp%2Fv2%2Fcomments&post=5"}],"version-history":[{"count":3,"href":"https:\/\/ferienhaus-am-parsteinsee.de\/index.php?rest_route=\/wp\/v2\/pages\/5\/revisions"}],"predecessor-version":[{"id":53,"href":"https:\/\/ferienhaus-am-parsteinsee.de\/index.php?rest_route=\/wp\/v2\/pages\/5\/revisions\/53"}],"wp:attachment":[{"href":"https:\/\/ferienhaus-am-parsteinsee.de\/index.php?rest_route=%2Fwp%2Fv2%2Fmedia&parent=5"}],"curies":[{"name":"wp","href":"https:\/\/api.w.org\/{rel}","templated":true}]}}